{"id":54,"date":"2019-08-17T18:17:12","date_gmt":"2019-08-17T23:17:12","guid":{"rendered":"https:\/\/seto-kaiba.net\/mochilazo\/?page_id=54"},"modified":"2022-12-01T03:03:25","modified_gmt":"2022-12-01T03:03:25","slug":"sobre-el-blog","status":"publish","type":"page","link":"https:\/\/seto-kaiba.net\/mochilazo\/sobre-el-blog\/","title":{"rendered":"MOCHILAZO"},"content":{"rendered":"<p><span style=\"font-size: inherit;\"><img loading=\"lazy\" decoding=\"async\" class=\"alignleft size-full wp-image-884\" src=\"https:\/\/seto-kaiba.net\/mochilazo\/wp-content\/uploads\/2022\/12\/avatar_13.jpg\" alt=\"\" width=\"311\" height=\"380\">Supongo que la raz\u00f3n principal para hacer este blog es el ocio y mis ganas de procrastinar \uff08\uffe3\u2207\uffe3\uff09\uff0f<\/span><\/p>\n<p>Aparte de eso, otra de las cosas que me animaron a hacer esta p\u00e1gina fue el blog que un amigo lleva con sus hermanos: <strong><a href=\"http:\/\/estamosbienma.com\/\" target=\"_blank\" rel=\"noopener noreferrer\">EstamosBienM\u00e1<\/a><\/strong> es un blog de viajes y es muy bueno. Adem\u00e1s parte de la <em>cultura mochilera<\/em> es compartir info y consejos as\u00ed que larga vida a los blogs viajeros.<\/p>\n<p>Si bien hablo de post de &#8220;mochileadas que he hecho&#8221;, el blog tiene una sobresaturaci\u00f3n de posts sobre Jap\u00f3n, eventualmente espero poder variar m\u00e1s con el contenido.<\/p>\n<p>Pero claramente eso es relativo a la cantidad de viajes que pueda realizar :V<\/p>\n<hr>\n<p>Nac\u00ed en Per\u00fa pero soy de ascendencia japonesa, significa que soy <em>nikkei<\/em>. Aquello influye en mi gusto de querer viajar a Jap\u00f3n cada vez que tengo la oportunidad y es por ello que gran parte de esta p\u00e1gina tiene contenido enfocado \u00fanicamente sobre ese pa\u00eds.<\/p>\n<p>Adem\u00e1s soy jodidamente friki; mangas, animes, juegos de video, series, etc. \u00bfQu\u00e9 mejor lugar para una criatura frikosa como yo que el pa\u00eds que engendr\u00f3 todo eso?<\/p>\n<hr>\n<p><img loading=\"lazy\" decoding=\"async\" class=\"size-full wp-image-893 alignnone\" src=\"https:\/\/seto-kaiba.net\/mochilazo\/wp-content\/uploads\/2022\/12\/code04.jpg\" alt=\"\" width=\"200\" height=\"40\"><strong><br \/>\n<a href=\"http:\/\/seto-kaiba.net\/\" target=\"_blank\" rel=\"noopener noreferrer\">www.seto-kaiba.net<\/a><\/strong> \/\/ es mi domain principal y aqu\u00ed est\u00e1 alojada la web.<\/p>\n<hr>\n<p>Apoyo t\u00e1ctico y log\u00edstico para la codificaci\u00f3n v\u00eda patadas con&nbsp; <strong><a href=\"https:\/\/synecdoche.me\" target=\"_blank\" rel=\"noopener noreferrer\">Scyllua<\/a><\/strong>.<\/p>\n","protected":false},"excerpt":{"rendered":"<p>Supongo que la raz\u00f3n principal para hacer este blog es el ocio y mis ganas de procrastinar \uff08\uffe3\u2207\uffe3\uff09\uff0f Aparte de eso, otra de las cosas que me animaron a hacer esta p\u00e1gina fue el blog que un amigo lleva con sus hermanos: EstamosBienM\u00e1 es un blog de viajes y es muy bueno. Adem\u00e1s parte de [&hellip;]<\/p>\n","protected":false},"author":1,"featured_media":0,"parent":0,"menu_order":2,"comment_status":"closed","ping_status":"closed","template":"","meta":{"footnotes":""},"class_list":["post-54","page","type-page","status-publish","hentry"],"_links":{"self":[{"href":"https:\/\/seto-kaiba.net\/mochilazo\/wp-json\/wp\/v2\/pages\/54","targetHints":{"allow":["GET"]}}],"collection":[{"href":"https:\/\/seto-kaiba.net\/mochilazo\/wp-json\/wp\/v2\/pages"}],"about":[{"href":"https:\/\/seto-kaiba.net\/mochilazo\/wp-json\/wp\/v2\/types\/page"}],"author":[{"embeddable":true,"href":"https:\/\/seto-kaiba.net\/mochilazo\/wp-json\/wp\/v2\/users\/1"}],"replies":[{"embeddable":true,"href":"https:\/\/seto-kaiba.net\/mochilazo\/wp-json\/wp\/v2\/comments?post=54"}],"version-history":[{"count":7,"href":"https:\/\/seto-kaiba.net\/mochilazo\/wp-json\/wp\/v2\/pages\/54\/revisions"}],"predecessor-version":[{"id":1668,"href":"https:\/\/seto-kaiba.net\/mochilazo\/wp-json\/wp\/v2\/pages\/54\/revisions\/1668"}],"wp:attachment":[{"href":"https:\/\/seto-kaiba.net\/mochilazo\/wp-json\/wp\/v2\/media?parent=54"}],"curies":[{"name":"wp","href":"https:\/\/api.w.org\/{rel}","templated":true}]}}