{"id":64,"date":"2019-08-17T20:27:18","date_gmt":"2019-08-17T20:27:18","guid":{"rendered":"https:\/\/seto-kaiba.net\/mochilazo\/?page_id=2"},"modified":"2023-02-20T23:16:34","modified_gmt":"2023-02-20T23:16:34","slug":"raven","status":"publish","type":"page","link":"https:\/\/seto-kaiba.net\/mochilazo\/raven\/","title":{"rendered":"RAVEN"},"content":{"rendered":"<p><span style=\"font-size: inherit;\"><img loading=\"lazy\" decoding=\"async\" class=\"alignleft wp-image-886 size-full\" src=\"https:\/\/seto-kaiba.net\/mochilazo\/wp-content\/uploads\/2022\/12\/avatar_06-2.jpg\" alt=\"\" width=\"311\" height=\"397\">Hola, soy <\/span><strong style=\"font-size: inherit;\"><a href=\"http:\/\/www.trafalgar-law.net\/\" target=\"_blank\" rel=\"noopener noreferrer\">Raven<\/a><\/strong><span style=\"font-size: inherit;\">.<\/span><br \/>\nSoy adicta a la lectura, escritora frustrada y siempre que se puede: ilustradora de cl\u00f3set.<\/p>\n<p><strong>Amo<\/strong>\/\/ fumar, comer y a los gatos.<br \/>\n<strong>Odio<\/strong>\/\/ a las ara\u00f1as y a mi jodido insomnio.<br \/>\n<strong>Estudi\u00e9<\/strong>\/\/ dise\u00f1o y actualmente soy freelance.<br \/>\n<strong>Actividad principal<\/strong>\/\/ procrastinar.<\/p>\n<p>Mi nombre es Sandra Uehara pero estoy bien simplemente como Raven. Estudi\u00e9 dise\u00f1o pero prefiero presentarme como friki de los mangas, los juegos de video y los libros. Actualmente trabajo como freelance y la \u00faltima vez que hice alguna clase de ejercicio supongo que fue hace 10 a\u00f1os. Paso la mayor parte de mi existencia sentada frente a una pantalla (ya sea por trabajo u ocio) y siempre estoy fumando o comiendo (o ambas cosas). Pero amo viajar y s\u00f3lo me despego de la pantalla para irme a mochilear porque hay demasiadas cosas por conocer y mucha comida por probar.<\/p>\n<p>He vivido en varios pa\u00edses pero siempre vuelvo a Per\u00fa. De alguna manera inexplicable y milagrosa durante los \u00faltimos a\u00f1os he podido viajar y vivir como mochilera alrededor de todo Jap\u00f3n y conoc\u00ed muchos lugares (tambi\u00e9n tragu\u00e9 harto. De hecho; com\u00ed casi todo lo que se me cruz\u00f3 por delante) por lo que me anim\u00e9 a publicar un blog con mis viajes y algunos tips.<\/p>\n<hr>\n<p>Me interesa que las personas sepan que no se necesita grandes cantidades de dinero para poder viajar. Yo soy un ejemplo; no tengo dinero ni grandes ahorros en el banco. Es m\u00e1s: no tengo ahorros, jaja. Qu\u00e9 sad \u0ca5_\u0ca5<\/p>\n<p>Trato de organizarme lo m\u00e1s que puedo y si bien no paso hambre a veces tengo que ajustar para llegar a fin de mes.&nbsp; La vida de freelance es as\u00ed: cuando hay trabajo, hay. Y cuando no hay, no hay ni mierda. Pero bueno, as\u00ed vivo, al borde del peligro.<\/p>\n<hr>\n<p><a href=\"https:\/\/www.patreon.com\/raventears\" target=\"_blank\" rel=\"noopener noreferrer\"><img loading=\"lazy\" decoding=\"async\" class=\"size-full wp-image-890 alignnone\" src=\"http:\/\/www.seto-kaiba.net\/img\/indeximg\/code100.jpg\" alt=\"\" width=\"200\" height=\"40\"><\/a><br \/>\n<strong><a href=\"https:\/\/www.patreon.com\/raventears\" target=\"_blank\" rel=\"noopener noreferrer\">patreon.com\/raventears<\/a><\/strong> \/\/ mi cuenta de Patreon.<\/p>\n<hr>\n<p><a href=\"https:\/\/www.instagram.com\/raventears\/\" target=\"_blank\" rel=\"noopener noreferrer\"><img loading=\"lazy\" decoding=\"async\" class=\"size-full wp-image-889 alignnone\" src=\"https:\/\/seto-kaiba.net\/mochilazo\/wp-content\/uploads\/2022\/12\/t_link.jpg\" alt=\"\" width=\"200\" height=\"40\"><\/a><strong><br \/>\n<a href=\"https:\/\/www.instagram.com\/raventears\/\" target=\"_blank\" rel=\"noopener noreferrer\">instagram.com\/raventears<\/a><\/strong> \/\/ mi cuenta de Instagram.<\/p>\n<hr>\n","protected":false},"excerpt":{"rendered":"<p>Hola, soy Raven. Soy adicta a la lectura, escritora frustrada y siempre que se puede: ilustradora de cl\u00f3set. Amo\/\/ fumar, comer y a los gatos. Odio\/\/ a las ara\u00f1as y a mi jodido insomnio. Estudi\u00e9\/\/ dise\u00f1o y actualmente soy freelance. Actividad principal\/\/ procrastinar. Mi nombre es Sandra Uehara pero estoy bien simplemente como Raven. Estudi\u00e9 [&hellip;]<\/p>\n","protected":false},"author":1,"featured_media":0,"parent":0,"menu_order":1,"comment_status":"closed","ping_status":"open","template":"","meta":{"footnotes":""},"class_list":["post-64","page","type-page","status-publish","hentry"],"_links":{"self":[{"href":"https:\/\/seto-kaiba.net\/mochilazo\/wp-json\/wp\/v2\/pages\/64","targetHints":{"allow":["GET"]}}],"collection":[{"href":"https:\/\/seto-kaiba.net\/mochilazo\/wp-json\/wp\/v2\/pages"}],"about":[{"href":"https:\/\/seto-kaiba.net\/mochilazo\/wp-json\/wp\/v2\/types\/page"}],"author":[{"embeddable":true,"href":"https:\/\/seto-kaiba.net\/mochilazo\/wp-json\/wp\/v2\/users\/1"}],"replies":[{"embeddable":true,"href":"https:\/\/seto-kaiba.net\/mochilazo\/wp-json\/wp\/v2\/comments?post=64"}],"version-history":[{"count":8,"href":"https:\/\/seto-kaiba.net\/mochilazo\/wp-json\/wp\/v2\/pages\/64\/revisions"}],"predecessor-version":[{"id":1684,"href":"https:\/\/seto-kaiba.net\/mochilazo\/wp-json\/wp\/v2\/pages\/64\/revisions\/1684"}],"wp:attachment":[{"href":"https:\/\/seto-kaiba.net\/mochilazo\/wp-json\/wp\/v2\/media?parent=64"}],"curies":[{"name":"wp","href":"https:\/\/api.w.org\/{rel}","templated":true}]}}